{"id":4549,"date":"2020-03-30T22:58:01","date_gmt":"2020-03-30T19:58:01","guid":{"rendered":"https:\/\/rudus.ee\/%d0%b1%d0%b5%d1%82%d0%be%d0%bd\/betoonilabor\/"},"modified":"2026-02-19T11:01:40","modified_gmt":"2026-02-19T09:01:40","slug":"betoonilabor","status":"publish","type":"page","link":"https:\/\/rudus.ee\/ru\/%d0%b1%d0%b5%d1%82%d0%be%d0%bd\/betoonilabor\/","title":{"rendered":"Betoonilabor"},"content":{"rendered":"<h2>Kvaliteedikontroll<\/h2>\n<p>Betoonilabor on \u00fcks t\u00e4htsamaid l\u00fclisid betoonitootmises. Siin kontrollitakse v\u00e4ljastatava betooni vastavust esitatud n\u00f5uetele ehk spetsifikatsioonile ning konsulteeritakse kliente.<\/p>\n<p>Rudus AS kaubabetooni p\u00fcsiva n\u00f5uetekohasuse tagab standardi EVS-EN 206:2014 \u201eBETOON: Spetsifitseerimine, toimivus, tootmine ja vastavus\u201c j\u00e4rgimine betoonisegude tootmisel ja kontrollil.<\/p>\n<p>Kvaliteedikontroll ehk vastavuskontroll seisneb varem vastuv\u00f5etud reeglite kohastes toimingutes ja otsustes, selgitamaks betooni vastavust spetsifikatsioonile. See on tootmisohje lahutamatu osa. Vastavuskontrolli k\u00e4igus j\u00e4lgitakse neid betooni omadusi, mis on m\u00f5\u00f5detavad standardsete katsemeetoditega. Konstruktsioonis v\u00f5ivad betooni omaduste tegelikud v\u00e4\u00e4rtused katsetamise teel m\u00e4\u00e4ratutest erineda s\u00f5ltuvalt nt konstruktsiooni m\u00f5\u00f5tmetest, betooni paigaldamisest, tihendamisest, hooldamis- ja kliimatingimustest.<\/p>\n<p>Vastavuskontroll haarab k\u00f5iki meetmeid, mis on vajalikud betooni omaduste vastavuse tagamiseks spetsifitseeritud n\u00f5uetele. See h\u00f5lmab:<\/p>\n<ul>\n<li>materjalide valikut;<\/li>\n<li>betooni koostise projekteerimist;<\/li>\n<li>betooni valmistamist, j\u00e4relevalvet ja katsetamist;<\/li>\n<li>betooni l\u00e4htematerjalide, betoonisegu ning kivistunud betooni katsetulemuste kasutamist.<\/li>\n<\/ul>\n<p>Vastavuskontroll:<\/p>\n<p>Etteantud omadustega betooni vastavuskontroll Rudus AS-is p\u00f5hineb survetugevuse vastavuskontrollil. Normaal- ja raskebetooni survetugevusklass esitatakse nii silindrilise (l\u00e4bim\u00f5\u00f5duga 150 mm ja pikkusega 300 mm) kui ka kuubilise (servapikkusega 150 mm) katsekeha normsurvetugevuse j\u00e4rgi (n\u00e4it. C25\/30, kus 25 t\u00e4histab silindrilist ja 30 kuubilist normsurvetugevust N\/mm2 v\u00f5i MPa). Rudus AS-is on survetugevuse hindamise aluseks kuupide valmistamine. Survetugevuskatse jaoks valmistatud katsekehad purustatakse Rudus AS-i laboris 7. ja 28. \u00f6\u00f6p\u00e4eva vanuselt.<\/p>\n<p>&nbsp;<\/p>\n<h2>Teenused<\/h2>\n<p>Meilt on v\u00f5imalik tellida nii v\u00e4rske betoonisegu kui ka kivinenud betooni kvaliteedikontrolli. Koost\u00f6\u00f6s meie akrediteeritud partneritega osutame j\u00e4rgnevaid laboriteenuseid:<\/p>\n<ul>\n<li>BetoPlus (betooni tugevusarengu ennustamine konstruktsioonis)<\/li>\n<li>BetoPlus (betooni tugevuse hindamine konstruktsioonis)<\/li>\n<li>Kiudbetooni projekteerimine<\/li>\n<li>Katsekehade valmistamine tehases<\/li>\n<li>Katsekehade valmistamine objektil<\/li>\n<li>Katsekehade katsetamine laboris<\/li>\n<li>Survetugevuse kontroll mittepurustava meetodiga (p\u00f5rkearvu m\u00e4\u00e4ramine Schmidt-i vasaraga)<\/li>\n<li>Survetugevuse kontroll konstruktsiooni puurs\u00fcdamike katsetamisega<\/li>\n<li>Konsistentsi (t\u00f6\u00f6deldavuse) kontroll objektil<\/li>\n<li>Metallkiu koguse kontroll objektil<\/li>\n<li>\u00d5husisalduse kontroll objektil<\/li>\n<li>Betooni temperatuuri m\u00f5\u00f5tmine objektil<\/li>\n<li>Veetiheduse kontroll<\/li>\n<li>K\u00fclmakindluse kontroll<\/li>\n<\/ul>\n<p>&nbsp;<\/p>\n<h2>Beto Plus &#8212; tugevuskontroll<\/h2>\n<p>Rudus AS pakub ehitajatele betoneerimist\u00f6\u00f6de planeerimisel ja l\u00f5pptulemuse kontrollimisel abivahendit &#8212; BetoPlus programmi. BetoPlus on betoneerimist\u00f6\u00f6de juhtimiseks loodud arvutiprogramm Windows keskonnas, mille abil saab planeerida ja kontrollida erinevate betoonkonstruktsioonide tugevusomaduste k\u00e4itumist muutuvates kivinemiskeskonna tingimustes. BetoPlus kontrollib ja anal\u00fc\u00fcsib betoonkonstruktsiooni soojus- ja kivinemisprotsesse, temperatuuri ning betooni k\u00fcpsusastet soovitud ajahetkel.<\/p>\n<h3>Betooni tugevuse hindamine konstruktsioonis<\/h3>\n<p>BetoPlus-ga on v\u00f5imalik igal ajahetkel kontrollida objektil betoonkonstruktsiooni tugevust. Konstruktsiooni paigaldatud anduritega m\u00f5\u00f5detud ja andmelogeri poolt salvestatud temperatuuride n\u00e4idud sisestatakse BetoPlus programmi ning nende p\u00f5hjal arvutatatud tugevusgraafik saadetakse tellijale. Andmelogeri kasutamine kindlustab t\u00e4psete m\u00f5\u00f5tmistulemuste pideva talletamise ehitajat huvitava perioodi jooksul.<\/p>\n<p>Peamised tugevusest s\u00f5ltuvad suurused, mis ehitajad huvitavad:<\/p>\n<ul>\n<li>lahtirakestamise tugevus<\/li>\n<li>j\u00e4relpingestamise jaoks vajaliku tugevuse saavutamine<\/li>\n<li>koormamise v\u00f5imalikkus<\/li>\n<li>lisasoojendamise vajalikkus (millal v\u00f5ib l\u00f5petada)&nbsp;<\/li>\n<\/ul>\n<p>&nbsp;<\/p>\n<p><img loading=\"lazy\" decoding=\"async\" class=\"alignnone  wp-image-6123\" src=\"https:\/\/rudus.ee\/media\/Picture1.png\" alt=\"\" width=\"529\" height=\"719\" srcset=\"https:\/\/rudus.ee\/media\/Picture1.png 529w, https:\/\/rudus.ee\/media\/Picture1-480x652.png 480w\" sizes=\"(min-width: 0px) and (max-width: 480px) 480px, (min-width: 481px) 529px, 100vw\" \/><\/p>\n","protected":false},"excerpt":{"rendered":"<p>Kvaliteedikontroll Betoonilabor on \u00fcks t\u00e4htsamaid l\u00fclisid betoonitootmises. Siin kontrollitakse v\u00e4ljastatava betooni vastavust esitatud n\u00f5uetele ehk spetsifikatsioonile ning konsulteeritakse kliente. Rudus AS kaubabetooni p\u00fcsiva n\u00f5uetekohasuse tagab standardi EVS-EN 206:2014 \u201eBETOON: Spetsifitseerimine, toimivus, tootmine ja vastavus\u201c j\u00e4rgimine betoonisegude tootmisel ja kontrollil. Kvaliteedikontroll ehk vastavuskontroll seisneb varem vastuv\u00f5etud reeglite kohastes toimingutes ja otsustes, selgitamaks betooni vastavust spetsifikatsioonile. See [&hellip;]<\/p>\n","protected":false},"author":2,"featured_media":0,"parent":1136,"menu_order":0,"comment_status":"closed","ping_status":"closed","template":"","meta":{"_acf_changed":false,"_et_pb_use_builder":"","_et_pb_old_content":"","_et_gb_content_width":"","footnotes":""},"class_list":["post-4549","page","type-page","status-publish","hentry"],"acf":[],"yoast_head":"<!-- This site is optimized with the Yoast SEO plugin v27.4 - https:\/\/yoast.com\/product\/yoast-seo-wordpress\/ -->\n<title>Betoonilabor - Rudus<\/title>\n<meta name=\"robots\" content=\"index, follow, max-snippet:-1, max-image-preview:large, max-video-preview:-1\" \/>\n<link rel=\"canonical\" href=\"https:\/\/rudus.ee\/ru\/\u0431\u0435\u0442\u043e\u043d\/betoonilabor\/\" \/>\n<meta property=\"og:locale\" content=\"ru_RU\" \/>\n<meta property=\"og:type\" content=\"article\" \/>\n<meta property=\"og:title\" content=\"Betoonilabor - Rudus\" \/>\n<meta property=\"og:description\" content=\"Kvaliteedikontroll Betoonilabor on \u00fcks t\u00e4htsamaid l\u00fclisid betoonitootmises. Siin kontrollitakse v\u00e4ljastatava betooni vastavust esitatud n\u00f5uetele ehk spetsifikatsioonile ning konsulteeritakse kliente. Rudus AS kaubabetooni p\u00fcsiva n\u00f5uetekohasuse tagab standardi EVS-EN 206:2014 \u201eBETOON: Spetsifitseerimine, toimivus, tootmine ja vastavus\u201c j\u00e4rgimine betoonisegude tootmisel ja kontrollil. Kvaliteedikontroll ehk vastavuskontroll seisneb varem vastuv\u00f5etud reeglite kohastes toimingutes ja otsustes, selgitamaks betooni vastavust spetsifikatsioonile. See [&hellip;]\" \/>\n<meta property=\"og:url\" content=\"https:\/\/rudus.ee\/ru\/\u0431\u0435\u0442\u043e\u043d\/betoonilabor\/\" \/>\n<meta property=\"og:site_name\" content=\"Rudus\" \/>\n<meta property=\"article:modified_time\" content=\"2026-02-19T09:01:40+00:00\" \/>\n<meta property=\"og:image\" content=\"https:\/\/rudus.ee\/media\/Picture1.png\" \/>\n\t<meta property=\"og:image:width\" content=\"551\" \/>\n\t<meta property=\"og:image:height\" content=\"749\" \/>\n\t<meta property=\"og:image:type\" content=\"image\/png\" \/>\n<meta name=\"twitter:label1\" content=\"\u041f\u0440\u0438\u043c\u0435\u0440\u043d\u043e\u0435 \u0432\u0440\u0435\u043c\u044f \u0434\u043b\u044f \u0447\u0442\u0435\u043d\u0438\u044f\" \/>\n\t<meta name=\"twitter:data1\" content=\"2 \u043c\u0438\u043d\u0443\u0442\u044b\" \/>\n<script type=\"application\/ld+json\" class=\"yoast-schema-graph\">{\"@context\":\"https:\\\/\\\/schema.org\",\"@graph\":[{\"@type\":\"WebPage\",\"@id\":\"https:\\\/\\\/rudus.ee\\\/ru\\\/%d0%b1%d0%b5%d1%82%d0%be%d0%bd\\\/betoonilabor\\\/\",\"url\":\"https:\\\/\\\/rudus.ee\\\/ru\\\/%d0%b1%d0%b5%d1%82%d0%be%d0%bd\\\/betoonilabor\\\/\",\"name\":\"Betoonilabor - Rudus\",\"isPartOf\":{\"@id\":\"https:\\\/\\\/rudus.ee\\\/#website\"},\"primaryImageOfPage\":{\"@id\":\"https:\\\/\\\/rudus.ee\\\/ru\\\/%d0%b1%d0%b5%d1%82%d0%be%d0%bd\\\/betoonilabor\\\/#primaryimage\"},\"image\":{\"@id\":\"https:\\\/\\\/rudus.ee\\\/ru\\\/%d0%b1%d0%b5%d1%82%d0%be%d0%bd\\\/betoonilabor\\\/#primaryimage\"},\"thumbnailUrl\":\"https:\\\/\\\/rudus.ee\\\/media\\\/Picture1.png\",\"datePublished\":\"2020-03-30T19:58:01+00:00\",\"dateModified\":\"2026-02-19T09:01:40+00:00\",\"breadcrumb\":{\"@id\":\"https:\\\/\\\/rudus.ee\\\/ru\\\/%d0%b1%d0%b5%d1%82%d0%be%d0%bd\\\/betoonilabor\\\/#breadcrumb\"},\"inLanguage\":\"ru-RU\",\"potentialAction\":[{\"@type\":\"ReadAction\",\"target\":[\"https:\\\/\\\/rudus.ee\\\/ru\\\/%d0%b1%d0%b5%d1%82%d0%be%d0%bd\\\/betoonilabor\\\/\"]}]},{\"@type\":\"ImageObject\",\"inLanguage\":\"ru-RU\",\"@id\":\"https:\\\/\\\/rudus.ee\\\/ru\\\/%d0%b1%d0%b5%d1%82%d0%be%d0%bd\\\/betoonilabor\\\/#primaryimage\",\"url\":\"https:\\\/\\\/rudus.ee\\\/media\\\/Picture1.png\",\"contentUrl\":\"https:\\\/\\\/rudus.ee\\\/media\\\/Picture1.png\"},{\"@type\":\"BreadcrumbList\",\"@id\":\"https:\\\/\\\/rudus.ee\\\/ru\\\/%d0%b1%d0%b5%d1%82%d0%be%d0%bd\\\/betoonilabor\\\/#breadcrumb\",\"itemListElement\":[{\"@type\":\"ListItem\",\"position\":1,\"name\":\"Home\",\"item\":\"https:\\\/\\\/rudus.ee\\\/ru\\\/\"},{\"@type\":\"ListItem\",\"position\":2,\"name\":\"\u0411\u0435\u0442\u043e\u043d\",\"item\":\"https:\\\/\\\/rudus.ee\\\/ru\\\/%d0%b1%d0%b5%d1%82%d0%be%d0%bd\\\/\"},{\"@type\":\"ListItem\",\"position\":3,\"name\":\"Betoonilabor\"}]},{\"@type\":\"WebSite\",\"@id\":\"https:\\\/\\\/rudus.ee\\\/#website\",\"url\":\"https:\\\/\\\/rudus.ee\\\/\",\"name\":\"Rudus\",\"description\":\"Just another WordPress site\",\"publisher\":{\"@id\":\"https:\\\/\\\/rudus.ee\\\/#organization\"},\"potentialAction\":[{\"@type\":\"SearchAction\",\"target\":{\"@type\":\"EntryPoint\",\"urlTemplate\":\"https:\\\/\\\/rudus.ee\\\/?s={search_term_string}\"},\"query-input\":{\"@type\":\"PropertyValueSpecification\",\"valueRequired\":true,\"valueName\":\"search_term_string\"}}],\"inLanguage\":\"ru-RU\"},{\"@type\":\"Organization\",\"@id\":\"https:\\\/\\\/rudus.ee\\\/#organization\",\"name\":\"Rudus\",\"url\":\"https:\\\/\\\/rudus.ee\\\/\",\"logo\":{\"@type\":\"ImageObject\",\"inLanguage\":\"ru-RU\",\"@id\":\"https:\\\/\\\/rudus.ee\\\/#\\\/schema\\\/logo\\\/image\\\/\",\"url\":\"https:\\\/\\\/rudus.ee\\\/media\\\/2016\\\/04\\\/logo1-e1460579830474.jpg\",\"contentUrl\":\"https:\\\/\\\/rudus.ee\\\/media\\\/2016\\\/04\\\/logo1-e1460579830474.jpg\",\"width\":227,\"height\":138,\"caption\":\"Rudus\"},\"image\":{\"@id\":\"https:\\\/\\\/rudus.ee\\\/#\\\/schema\\\/logo\\\/image\\\/\"}}]}<\/script>\n<!-- \/ Yoast SEO plugin. -->","yoast_head_json":{"title":"Betoonilabor - Rudus","robots":{"index":"index","follow":"follow","max-snippet":"max-snippet:-1","max-image-preview":"max-image-preview:large","max-video-preview":"max-video-preview:-1"},"canonical":"https:\/\/rudus.ee\/ru\/\u0431\u0435\u0442\u043e\u043d\/betoonilabor\/","og_locale":"ru_RU","og_type":"article","og_title":"Betoonilabor - Rudus","og_description":"Kvaliteedikontroll Betoonilabor on \u00fcks t\u00e4htsamaid l\u00fclisid betoonitootmises. Siin kontrollitakse v\u00e4ljastatava betooni vastavust esitatud n\u00f5uetele ehk spetsifikatsioonile ning konsulteeritakse kliente. Rudus AS kaubabetooni p\u00fcsiva n\u00f5uetekohasuse tagab standardi EVS-EN 206:2014 \u201eBETOON: Spetsifitseerimine, toimivus, tootmine ja vastavus\u201c j\u00e4rgimine betoonisegude tootmisel ja kontrollil. Kvaliteedikontroll ehk vastavuskontroll seisneb varem vastuv\u00f5etud reeglite kohastes toimingutes ja otsustes, selgitamaks betooni vastavust spetsifikatsioonile. See [&hellip;]","og_url":"https:\/\/rudus.ee\/ru\/\u0431\u0435\u0442\u043e\u043d\/betoonilabor\/","og_site_name":"Rudus","article_modified_time":"2026-02-19T09:01:40+00:00","og_image":[{"width":551,"height":749,"url":"https:\/\/rudus.ee\/media\/Picture1.png","type":"image\/png"}],"twitter_misc":{"\u041f\u0440\u0438\u043c\u0435\u0440\u043d\u043e\u0435 \u0432\u0440\u0435\u043c\u044f \u0434\u043b\u044f \u0447\u0442\u0435\u043d\u0438\u044f":"2 \u043c\u0438\u043d\u0443\u0442\u044b"},"schema":{"@context":"https:\/\/schema.org","@graph":[{"@type":"WebPage","@id":"https:\/\/rudus.ee\/ru\/%d0%b1%d0%b5%d1%82%d0%be%d0%bd\/betoonilabor\/","url":"https:\/\/rudus.ee\/ru\/%d0%b1%d0%b5%d1%82%d0%be%d0%bd\/betoonilabor\/","name":"Betoonilabor - Rudus","isPartOf":{"@id":"https:\/\/rudus.ee\/#website"},"primaryImageOfPage":{"@id":"https:\/\/rudus.ee\/ru\/%d0%b1%d0%b5%d1%82%d0%be%d0%bd\/betoonilabor\/#primaryimage"},"image":{"@id":"https:\/\/rudus.ee\/ru\/%d0%b1%d0%b5%d1%82%d0%be%d0%bd\/betoonilabor\/#primaryimage"},"thumbnailUrl":"https:\/\/rudus.ee\/media\/Picture1.png","datePublished":"2020-03-30T19:58:01+00:00","dateModified":"2026-02-19T09:01:40+00:00","breadcrumb":{"@id":"https:\/\/rudus.ee\/ru\/%d0%b1%d0%b5%d1%82%d0%be%d0%bd\/betoonilabor\/#breadcrumb"},"inLanguage":"ru-RU","potentialAction":[{"@type":"ReadAction","target":["https:\/\/rudus.ee\/ru\/%d0%b1%d0%b5%d1%82%d0%be%d0%bd\/betoonilabor\/"]}]},{"@type":"ImageObject","inLanguage":"ru-RU","@id":"https:\/\/rudus.ee\/ru\/%d0%b1%d0%b5%d1%82%d0%be%d0%bd\/betoonilabor\/#primaryimage","url":"https:\/\/rudus.ee\/media\/Picture1.png","contentUrl":"https:\/\/rudus.ee\/media\/Picture1.png"},{"@type":"BreadcrumbList","@id":"https:\/\/rudus.ee\/ru\/%d0%b1%d0%b5%d1%82%d0%be%d0%bd\/betoonilabor\/#breadcrumb","itemListElement":[{"@type":"ListItem","position":1,"name":"Home","item":"https:\/\/rudus.ee\/ru\/"},{"@type":"ListItem","position":2,"name":"\u0411\u0435\u0442\u043e\u043d","item":"https:\/\/rudus.ee\/ru\/%d0%b1%d0%b5%d1%82%d0%be%d0%bd\/"},{"@type":"ListItem","position":3,"name":"Betoonilabor"}]},{"@type":"WebSite","@id":"https:\/\/rudus.ee\/#website","url":"https:\/\/rudus.ee\/","name":"Rudus","description":"Just another WordPress site","publisher":{"@id":"https:\/\/rudus.ee\/#organization"},"potentialAction":[{"@type":"SearchAction","target":{"@type":"EntryPoint","urlTemplate":"https:\/\/rudus.ee\/?s={search_term_string}"},"query-input":{"@type":"PropertyValueSpecification","valueRequired":true,"valueName":"search_term_string"}}],"inLanguage":"ru-RU"},{"@type":"Organization","@id":"https:\/\/rudus.ee\/#organization","name":"Rudus","url":"https:\/\/rudus.ee\/","logo":{"@type":"ImageObject","inLanguage":"ru-RU","@id":"https:\/\/rudus.ee\/#\/schema\/logo\/image\/","url":"https:\/\/rudus.ee\/media\/2016\/04\/logo1-e1460579830474.jpg","contentUrl":"https:\/\/rudus.ee\/media\/2016\/04\/logo1-e1460579830474.jpg","width":227,"height":138,"caption":"Rudus"},"image":{"@id":"https:\/\/rudus.ee\/#\/schema\/logo\/image\/"}}]}},"_links":{"self":[{"href":"https:\/\/rudus.ee\/ru\/wp-json\/wp\/v2\/pages\/4549","targetHints":{"allow":["GET"]}}],"collection":[{"href":"https:\/\/rudus.ee\/ru\/wp-json\/wp\/v2\/pages"}],"about":[{"href":"https:\/\/rudus.ee\/ru\/wp-json\/wp\/v2\/types\/page"}],"author":[{"embeddable":true,"href":"https:\/\/rudus.ee\/ru\/wp-json\/wp\/v2\/users\/2"}],"replies":[{"embeddable":true,"href":"https:\/\/rudus.ee\/ru\/wp-json\/wp\/v2\/comments?post=4549"}],"version-history":[{"count":1,"href":"https:\/\/rudus.ee\/ru\/wp-json\/wp\/v2\/pages\/4549\/revisions"}],"predecessor-version":[{"id":6125,"href":"https:\/\/rudus.ee\/ru\/wp-json\/wp\/v2\/pages\/4549\/revisions\/6125"}],"up":[{"embeddable":true,"href":"https:\/\/rudus.ee\/ru\/wp-json\/wp\/v2\/pages\/1136"}],"wp:attachment":[{"href":"https:\/\/rudus.ee\/ru\/wp-json\/wp\/v2\/media?parent=4549"}],"curies":[{"name":"wp","href":"https:\/\/api.w.org\/{rel}","templated":true}]}}